{"id":13,"date":"2023-07-14T10:52:40","date_gmt":"2023-07-14T08:52:40","guid":{"rendered":"https:\/\/maure.it\/shop\/?page_id=13"},"modified":"2023-07-14T11:31:35","modified_gmt":"2023-07-14T09:31:35","slug":"refund_returns","status":"publish","type":"page","link":"https:\/\/maure.it\/shop\/refund_returns\/","title":{"rendered":"Condizioni Generali di Reso"},"content":{"rendered":"\t\t<div data-elementor-type=\"wp-page\" data-elementor-id=\"13\" class=\"elementor elementor-13\">\n\t\t\t\t\t\t\t\t\t<section class=\"elementor-section elementor-top-section elementor-element elementor-element-1979ac76 elementor-section-boxed elementor-section-height-default elementor-section-height-default\" data-id=\"1979ac76\" data-element_type=\"section\" data-settings=\"{&quot;grandrestaurant_ext_is_background_parallax&quot;:&quot;false&quot;,&quot;grandrestaurant_ext_is_background_backdrop&quot;:&quot;false&quot;,&quot;grandrestaurant_ext_is_background_on_scroll&quot;:&quot;false&quot;}\">\n\t\t\t\t\t\t<div class=\"elementor-container elementor-column-gap-default\">\n\t\t\t\t\t<div class=\"elementor-column elementor-col-100 elementor-top-column elementor-element elementor-element-7d2a34a6\" data-id=\"7d2a34a6\" data-element_type=\"column\" data-settings=\"{&quot;grandrestaurant_ext_link_reservation&quot;:&quot;false&quot;,&quot;grandrestaurant_ext_link_sidemenu&quot;:&quot;false&quot;,&quot;grandrestaurant_ext_link_fullmenu&quot;:&quot;false&quot;,&quot;grandrestaurant_ext_link_closed_fullmenu&quot;:&quot;false&quot;,&quot;grandrestaurant_ext_is_scrollme&quot;:&quot;false&quot;,&quot;grandrestaurant_ext_is_smoove&quot;:&quot;false&quot;,&quot;grandrestaurant_ext_is_parallax_mouse&quot;:&quot;false&quot;,&quot;grandrestaurant_ext_is_infinite&quot;:&quot;false&quot;,&quot;grandrestaurant_ext_is_fadeout_animation&quot;:&quot;false&quot;,&quot;grandrestaurant_ext_mobile_static&quot;:&quot;false&quot;}\">\n\t\t\t<div class=\"elementor-widget-wrap elementor-element-populated\">\n\t\t\t\t\t\t\t\t<div class=\"elementor-element elementor-element-71ef6d7b elementor-widget elementor-widget-text-editor\" data-id=\"71ef6d7b\" data-element_type=\"widget\" data-settings=\"{&quot;grandrestaurant_ext_link_reservation&quot;:&quot;false&quot;,&quot;grandrestaurant_ext_link_sidemenu&quot;:&quot;false&quot;,&quot;grandrestaurant_ext_link_fullmenu&quot;:&quot;false&quot;,&quot;grandrestaurant_ext_link_closed_fullmenu&quot;:&quot;false&quot;,&quot;grandrestaurant_ext_is_scrollme&quot;:&quot;false&quot;,&quot;grandrestaurant_ext_is_smoove&quot;:&quot;false&quot;,&quot;grandrestaurant_ext_is_parallax_mouse&quot;:&quot;false&quot;,&quot;grandrestaurant_ext_is_infinite&quot;:&quot;false&quot;,&quot;grandrestaurant_ext_is_fadeout_animation&quot;:&quot;false&quot;,&quot;grandrestaurant_ext_mobile_static&quot;:&quot;false&quot;}\" data-widget_type=\"text-editor.default\">\n\t\t\t\t<div class=\"elementor-widget-container\">\n\t\t\t<style>\/*! elementor - v3.12.2 - 23-04-2023 *\/\n.elementor-widget-text-editor.elementor-drop-cap-view-stacked .elementor-drop-cap{background-color:#69727d;color:#fff}.elementor-widget-text-editor.elementor-drop-cap-view-framed .elementor-drop-cap{color:#69727d;border:3px solid;background-color:transparent}.elementor-widget-text-editor:not(.elementor-drop-cap-view-default) .elementor-drop-cap{margin-top:8px}.elementor-widget-text-editor:not(.elementor-drop-cap-view-default) .elementor-drop-cap-letter{width:1em;height:1em}.elementor-widget-text-editor .elementor-drop-cap{float:left;text-align:center;line-height:1;font-size:50px}.elementor-widget-text-editor .elementor-drop-cap-letter{display:inline-block}<\/style>\t\t\t\t<p align=\"JUSTIFY\">Le condizioni generali di reso per un servizio di delivery food possono variare da un&#8217;azienda all&#8217;altra. Tuttavia, di seguito sono elencate alcune delle condizioni comuni che potresti incontrare:<\/p>\n<p align=\"JUSTIFY\"><strong>1. Prodotti danneggiati o errati:<\/strong> Se il cibo consegnato \u00e8 danneggiato durante il trasporto o se \u00e8 stato consegnato un ordine errato, \u00e8 generalmente previsto il diritto di restituire i prodotti e richiedere un rimborso completo o una nuova consegna. \u00c8 importante contattare immediatamente il servizio clienti per segnalare il problema e fornire prove fotografiche, se richieste.<\/p>\n<p align=\"JUSTIFY\"><strong>2. Ritardi nella consegna:<\/strong> Se la consegna dei pasti subisce ritardi significativi rispetto all&#8217;orario previsto, alcune aziende potrebbero offrire rimborsi parziali o sconti sul prossimo ordine. Tuttavia, \u00e8 importante notare che i ritardi causati da circostanze eccezionali, come condizioni meteorologiche avverse o problemi di traffico, potrebbero non rientrare in queste condizioni di reso.<\/p>\n<p align=\"JUSTIFY\"><strong><a name=\"_GoBack\"><\/a>3. Cibo non gradito o insoddisfacente:<\/strong> Se il cibo consegnato non soddisfa le tue aspettative o non \u00e8 di tuo gradimento, le politiche di reso possono variare. Alcune aziende potrebbero offrire la possibilit\u00e0 di restituire i prodotti non aperti o non consumati per un rimborso parziale o un credito sul prossimo ordine. Tuttavia, in molti casi, il cibo consumato o parzialmente consumato potrebbe non essere idoneo per il reso.<\/p>\n<p align=\"JUSTIFY\"><strong>4. Procedura di reso:<\/strong> Ogni azienda pu\u00f2 avere una procedura specifica per richiedere un reso. Solitamente, \u00e8 necessario contattare il servizio clienti dell&#8217;azienda entro un certo periodo di tempo dalla consegna e fornire i dettagli dell&#8217;ordine e il motivo del reso. Potrebbe essere richiesto di fornire prove fotografiche o di restituire i prodotti non desiderati.<\/p>\t\t\t\t\t\t<\/div>\n\t\t\t\t<\/div>\n\t\t\t\t\t<\/div>\n\t\t<\/div>\n\t\t\t\t\t\t\t<\/div>\n\t\t<\/section>\n\t\t\t\t\t\t\t<\/div>\n\t\t","protected":false},"excerpt":{"rendered":"<p>Le condizioni generali di reso per un servizio di delivery food possono variare da un&#8217;azienda all&#8217;altra. Tuttavia, di seguito sono elencate alcune delle condizioni comuni che potresti incontrare: 1. Prodotti danneggiati o errati: Se il cibo consegnato \u00e8 danneggiato durante [&hellip;]<\/p>\n","protected":false},"author":1,"featured_media":0,"parent":0,"menu_order":0,"comment_status":"closed","ping_status":"closed","template":"","meta":{"footnotes":""},"class_list":["post-13","page","type-page","status-publish","hentry"],"acf":[],"_links":{"self":[{"href":"https:\/\/maure.it\/shop\/wp-json\/wp\/v2\/pages\/13","targetHints":{"allow":["GET"]}}],"collection":[{"href":"https:\/\/maure.it\/shop\/wp-json\/wp\/v2\/pages"}],"about":[{"href":"https:\/\/maure.it\/shop\/wp-json\/wp\/v2\/types\/page"}],"author":[{"embeddable":true,"href":"https:\/\/maure.it\/shop\/wp-json\/wp\/v2\/users\/1"}],"replies":[{"embeddable":true,"href":"https:\/\/maure.it\/shop\/wp-json\/wp\/v2\/comments?post=13"}],"version-history":[{"count":5,"href":"https:\/\/maure.it\/shop\/wp-json\/wp\/v2\/pages\/13\/revisions"}],"predecessor-version":[{"id":6362,"href":"https:\/\/maure.it\/shop\/wp-json\/wp\/v2\/pages\/13\/revisions\/6362"}],"wp:attachment":[{"href":"https:\/\/maure.it\/shop\/wp-json\/wp\/v2\/media?parent=13"}],"curies":[{"name":"wp","href":"https:\/\/api.w.org\/{rel}","templated":true}]}}